{"id":592,"date":"2018-05-25T07:03:42","date_gmt":"2018-05-25T07:03:42","guid":{"rendered":"http:\/\/dental.katowice.pl\/?page_id=592"},"modified":"2018-05-25T07:14:35","modified_gmt":"2018-05-25T07:14:35","slug":"rodo","status":"publish","type":"page","link":"http:\/\/dental.katowice.pl\/?page_id=592","title":{"rendered":"RODO"},"content":{"rendered":"<p style=\"text-align: justify;\">\n<strong><center>REGULAMIN OCHRONY DANYCH OSOBOWYCH<\/Center><\/strong><\/p>\n<p>Szanowni Pa\u0144stwo,<br \/>\nBezpiecze\u0144stwo i poufno\u015b\u0107 Pa\u0144stwa danych jest dla nas priorytetem. Zapewniamy, \u017ce zawsze dok\u0142adali\u015bmy i b\u0119dziemy<br \/>\ndok\u0142ada\u0107 wszelkich stara\u0144 aby zapewni\u0107 Pa\u0144stwu ochron\u0119 Waszych danych, poprzez stosowanie odpowiednich<br \/>\nzabezpiecze\u0144 technicznych i organizacyjnych, w tym stosowanie odpowiedniej ochrony podczas projektowania nowych<br \/>\nus\u0142ug i rozwi\u0105za\u0144. Niniejszy Regulamin s\u0142u\u017cy poinformowaniu klient\u00f3w i stron zainteresowanych o celu, zakresie i kategoriach<br \/>\nprzetwarzania ich danych osobowych, czasie przetwarzania danych oraz o przys\u0142uguj\u0105cych im prawach, zgodnie z<br \/>\nobowi\u0105zuj\u0105cym od 25 maja 2018r. Rozporz\u0105dzeniem Parlamentu Europejskiego i Rady (UE) 2016\/679 z dnia 27<br \/>\nkwietnia 2016r. w sprawie ochrony os\u00f3b fizycznych, w zwi\u0105zku z przetwarzaniem danych osobowych i w sprawie<br \/>\nswobodnego przep\u0142ywu takich danych oraz uchylenia dyrektywy 95\/46\/WE (zwany RODO\/GDPR).<br \/>\n<strong>ADMINISTRATOR DANYCH I INSPEKTOR OCHRONY DANYCH<\/strong><\/p>\n<p>Administratorem Pa\u0144stwa Danych jest NZOZ Specjalistyczne Centrum Stomatologii DENTAL Aneta<br \/>\nPtaszy\u0144ska<\/p>\n<p>Jako Administrator Danych, jeste\u015bmy odpowiedzialni za zapewnienie bezpiecze\u0144stwa Pa\u0144stwa danych osobowych,<br \/>\nspos\u00f3b ich wykorzystywania zgodnie z obowi\u0105zuj\u0105cymi przepisami prawa. Wszelkich dodatkowych informacji mo\u017cecie<br \/>\nPastwo zasi\u0119gn\u0105\u0107 u Inspektora Ochrony Danych pod adresem dentallux.lux@gmail.com lub listownie na adres na<br \/>\npodany jako adres siedziby firmy.<br \/>\n<strong>BEZPIECZE\u0143STWO DANYCH<\/strong><br \/>\nW celu zagwarantowania bezpiecze\u0144stwa Pa\u0144stwa danych, przeprowadzili\u015bmy Ocen\u0119 Skutk\u00f3w Przetwarzania danych<br \/>\nosobowych uwzgl\u0119dniaj\u0105c ryzyka zwi\u0105zane z ich przetwarzaniem oraz analiz\u0119 ryzyka dla stosowanych przez nas<br \/>\nzabezpiecze\u0144. Aktualnie stosujemy wysokiej klasy, sprawdzone zabezpieczenia prewencyjne oraz mechanizmy monitoruj\u0105ce sposoby<br \/>\nprzetwarzania, przep\u0142ywy oraz dost\u0119pu do posiadanych informacji, tak aby m\u00f3c zagwarantowa\u0107 \u017ce przetwarzanie<br \/>\ndanych odbywa si\u0119 nie tylko zgodnie z prawem ale r\u00f3wnie\u017c zgodnie z najlepszymi praktykami w dziedzinie<br \/>\nzabezpieczania danych i system\u00f3w informatycznych.<br \/>\nObecnie Pa\u0144stwa dane pozostaj\u0105ce w naszych zasobach nie s\u0105 przekazywane poza Europejski Obszar Gospodarczy<br \/>\n(UE). Je\u017celi dojdzie do takiego przekazania, niezw\u0142ocznie poinformujemy o tym fakcie i zamie\u015bcimy informacje na ten<br \/>\ntemat na stronie internetowej, w tym w niniejszym Regulaminie.<\/p>\n<p><strong>2 KATEGORIE ZBIERANYCH DANYCH OSOBOWYCH<\/strong><\/p>\n<p>Aktualnie, w zwi\u0105zku z prowadzon\u0105 przez nas dzia\u0142alno\u015bci\u0105 informujemy, \u017ce przetwarzanym (lub mo\u017cemy przetwarza\u0107)<br \/>\ndane osobowe w nast\u0119puj\u0105cych procesach:<\/p>\n<p>&#8211; Dane osobowe naszych pacjent\u00f3w<br \/>\nDane te przetwarzamy w celu \u015bwiadczenia wszystkich naszych us\u0142ug, realizacji cel\u00f3w profilaktyki zdrowotnej<br \/>\ni leczenia na jak najwy\u017cszym poziomie, na podstawie i w zakresie zawartym w przepisach prawa, w<br \/>\nszczeg\u00f3lno\u015bci ustawy o dzia\u0142alno\u015bci leczniczej oraz o prawach pacjenta i rzeczniku praw pacjenta.<br \/>\nWszystkie informacje dotycz\u0105ce konkretnych os\u00f3b lub klient\u00f3w b\u0119dziemy przetwarzali przez okres wymagany<br \/>\nw przepisach prawa, aktualnie stanowi\u0105cy od dziesi\u0119ciu do trzydziestu lat.<br \/>\nPosiadane przez nas w tym obszarze Pa\u0144stwa dane osobowe mog\u0105 zosta\u0107 przekazane innym podmiotom<br \/>\nwsp\u00f3\u0142pracuj\u0105cym z nami wy\u0142\u0105cznie w celu realizacji specjalistycznych bada\u0144, na zasadach daj\u0105cych pe\u0142n\u0105<br \/>\ngwarancj\u0119 bezpiecze\u0144stwa przekazywanych informacji.<\/p>\n<p>&#8211; Dane osobowe os\u00f3b upowa\u017cnionych do informacji i dokumentacji medycznej naszych pacjent\u00f3w<br \/>\nDane te posiadamy w celu prawid\u0142owego i bezpiecznego informowania os\u00f3b o stanie zdrowia naszych<br \/>\npacjent\u00f3w. Przetwarzanie tych danych odbywa si\u0119 na podstawie przepis\u00f3w prawa, w szczeg\u00f3lno\u015bci ustawie o<br \/>\nprawach pacjenta i rzeczniku praw pacjenta, wy\u0142\u0105cznie za zgod\u0105 pacjent\u00f3w (w\u0142a\u015bcicieli danych).<br \/>\nWszystkie informacje dotycz\u0105ce konkretnych os\u00f3b lub klient\u00f3w b\u0119dziemy przetwarzali przez okres wymagany<br \/>\nw przepisach prawa, aktualnie stanowi\u0105cy od dziesi\u0119ciu do trzydziestu lat.<br \/>\nPosiadane przez nas w tym obszarze Pa\u0144stwa dane osobowe nie b\u0119d\u0105 przekazywane \u017cadnym innym<br \/>\nodbiorcom.<\/p>\n<p>&#8211; Dane osobowe naszych podwykonawc\u00f3w oraz os\u00f3b wskazanych do wsp\u00f3\u0142pracy.<br \/>\nDane te przetwarzamy w celu mo\u017cliwo\u015bci \u015bwiadczenia us\u0142ug, realizacji zam\u00f3wie\u0144 publicznych zgonie<br \/>\nz obowi\u0105zuj\u0105cymi przepisami prawa oraz prawid\u0142owej wsp\u00f3\u0142pracy z podwykonawcami.<br \/>\nWszystkie informacje dotycz\u0105ce konkretnych os\u00f3b lub klient\u00f3w b\u0119dziemy przetwarzali przez okres \u015bwiadczenia<br \/>\numowy oraz pi\u0119\u0107 lat po jego wyga\u015bni\u0119ciu, jednak nie kt\u00f3rej ni\u017c wymagaj\u0105 tego przepisy prawa (o ile takie maj\u0105<br \/>\nzastosowanie).<br \/>\nPosiadane przez nas w tym obszarze Pa\u0144stwa dane osobowe nie b\u0119d\u0105 przekazywane \u017cadnym innym<br \/>\nodbiorcom.<\/p>\n<p>&#8211; Informacje o kontrahentach<br \/>\nDane te przetwarzamy w celu wywi\u0105zania si\u0119 z obowi\u0105zk\u00f3w prawnych, takich jak np. ustawa o rachunkowo\u015bci<br \/>\ni to te przepisy stanowi\u0105 podstaw\u0119 do przetwarzania przez nas danych przez okres sze\u015bciu lat (zgodnie<br \/>\nz aktualnym stanem prawnym pi\u0119\u0107 pe\u0142nych lat).<\/p>\n<p><strong>3.<\/strong> Posiadane przez nas w tym obszarze Pa\u0144stwa dane osobowe nie b\u0119d\u0105 przekazywane \u017cadnym innym<br \/>\nodbiorcom.<\/p>\n<p>&#8211; Informacje o naszych pracownikach oraz kandydatach do pracy<br \/>\nDane te przetwarzamy w celu wywi\u0105zania si\u0119 z obowi\u0105zk\u00f3w prawnych, takich jak np. ustawa kodeks pracy i to<br \/>\nte przepisy stanowi\u0105 podstaw\u0119 do przetwarzania przez nas danych przez okres wymagany prawem.<br \/>\nDane dotycz\u0105ce kandydat\u00f3w do pracy posiadamy dzi\u0119ki wyra\u017conym nam zgod\u0105 i przetwarzamy jest przez czas<br \/>\nprowadzenia rekrutacji. Niemniej w sytuacji kiedy wyra\u017cacie Pa\u0144stwo zgod\u0119 na potrzeby przysz\u0142ych rekrutacji<br \/>\nmo\u017cemy je zatrzyma\u0107 na okres jednego roku.<br \/>\nPosiadane przez nas w tym obszarze Pa\u0144stwa dane osobowe nie b\u0119d\u0105 przekazywane \u017cadnym innym<br \/>\nodbiorcom.<\/p>\n<p>&#8211; Monitoring<br \/>\nDane pochodz\u0105ce z monitoringu wizyjnego przetwarzamy w celu ochrony os\u00f3b i mienia, uwa\u017caj\u0105c to za sw\u00f3j<br \/>\nusprawiedliwiony cel.<br \/>\nWszystkie zbierane w ten spos\u00f3b dane przechowywane s\u0105 przez okres do dw\u00f3ch tygodni. Gwarantujemy<br \/>\nPa\u0144stwu \u017ce nagrania te nie b\u0119d\u0105 przekazywane \u017cadnym innym odbiorcom oraz nie s\u0105 dost\u0119pne dla<br \/>\npracownik\u00f3w.<\/p>\n<p>&#8211; Inne dane powierzone nam w celu realizacji um\u00f3w o wsp\u00f3\u0142pracy<br \/>\nW naszych zasobach znajduj\u0105 si\u0119 r\u00f3wnie\u017c inne dane osobowe w stosunku do kt\u00f3rych Szpital nie jest<br \/>\nAdministratorem Danych, ale jako podwykonawcy innych jednostek medycznych realizujemy dla nich r\u00f3\u017cne<br \/>\nzlecenia i badania.<br \/>\nJako podmiot przetwarzaj\u0105cy dane osobowe pozyskane w drodze realizacji umowy przetwarzamy wy\u0142\u0105cznie<br \/>\nprzez czas obowi\u0105zywania nas um\u00f3w oraz \u015bci\u015ble na zasadach w nich opisanych.<\/p>\n<p>W ka\u017cdym z wymienionych przypadk\u00f3w staramy si\u0119, aby posiadane przez nas dane by\u0142y aktualne i porwane, a maj\u0105c<br \/>\nna uwadze Pa\u0144stwa prywatno\u015b\u0107 wszystkie informacje stanowi\u0105ce dane osobowe minimalizujemy w stopniu<br \/>\numo\u017cliwiaj\u0105cym nam ich prawid\u0142owe przetwarzanie.<br \/>\nLista odbiorc\u00f3w, kt\u00f3rym mog\u0105 by\u0107 powierzane lub udost\u0119pniane dane osobowe dost\u0119pna jest w siedzibie firmy. Na<br \/>\npisemny wniosek mo\u017cliwy jest wgl\u0105d do tej listy.<br \/>\nPRAWA OS\u00d3B W ZAKRESIE DANYCH OSOBOWYCH<br \/>\nNa ka\u017cdym etapie przetwarzania przez nas danych, maj\u0105 Pa\u0144stwo prawo do:<\/p>\n<p><strong>4<\/strong><br \/>\n&#8211; dost\u0119pu do swoich danych, w tym uzyskania informacji o zakresie przetwarzanych przez nas danych oraz<br \/>\nuzyskania kopii tych danych,<br \/>\n&#8211; modyfikacji i poprawienia swoich danych, w tym je\u017celi nie b\u0119d\u0105 zachodzi\u0142y inne prawne przeciwskazania do<br \/>\nograniczenia ich zakresu przetwarzania;<br \/>\n&#8211; ca\u0142kowitego usuni\u0119cia swoich danych (,,prawo do bycia zapomnianym\u201d), je\u017celi nie b\u0119d\u0105 zachodzi\u0142y inne<br \/>\nprzeciwskazania prawne,<br \/>\n&#8211; niepodlegania automatycznym decyzjom opartym na profilowaniu;<br \/>\n&#8211; wniesienia sprzeciwu wobec niew\u0142a\u015bciwego przetwarzanych danych osobowych (w tym wycofania zgody);<br \/>\n&#8211; przeniesienia danych do innego Administratora Danych, je\u015bli dane przetwarzane s\u0105 w zwi\u0105zku z udzielon\u0105<br \/>\nzgod\u0105 lub zawart\u0105 umow\u0105.<br \/>\nW celu zapewnienia prawid\u0142owej obs\u0142ugi Pa\u0144stwa zapyta\u0144 oraz zachowania nale\u017cytej staranno\u015bci podczas ich obs\u0142ugi<br \/>\nustandaryzowali\u015bmy formularz, za pomoc\u0105 kt\u00f3rego mo\u017cecie Pa\u0144stwo wyt\u0119pi\u0107 z wnioskiem o realizacj\u0119 swoich praw.<br \/>\nWniosek mo\u017cecie Pa\u0144stwo pobra\u0107 bezpo\u015brednio ze strony regulaminu, \u0142\u0105cze do dokumentu znajduje si\u0119 na dole strony.<br \/>\nZach\u0119camy do zapoznania si\u0119 z instrukcj\u0105 wype\u0142niania wniosku. Jego prawid\u0142owe uzupe\u0142nienie umo\u017cliwi nam szybk\u0105<br \/>\nrealizacj\u0119 zapytania. Uzupe\u0142nione wnioski mo\u017cecie Pa\u0144stwo sk\u0142ada\u0107 osobi\u015bcie lub za pomoc\u0105 poczty na podany przez<br \/>\nnas adres siedziby, lub poczt\u0105 elektroniczn\u0105 na adres: dentallux.lux@gmail.com przesy\u0142aj\u0105c podpisany elektronicznie<br \/>\nwniosek lub skan r\u0119cznie podpisanego dokumentu.<br \/>\nKa\u017cdy z\u0142o\u017cony przez Pa\u0144stwa wniosek rozpatrywany jest indywidualnie i w stosunku do obowi\u0105zuj\u0105cych przepis\u00f3w<br \/>\nprawa. Przypominamy, \u017ce mo\u017cliwo\u015b\u0107 skorzystania z konkretnego uprawnienia mo\u017ce zale\u017ce\u0107 od podstawy prawnej,<br \/>\nwykorzystywanej w \u015bci\u015ble okre\u015blonym celu przetwarzania Pa\u0144stwa danych oraz, np. czy przetwarzanie danych nie jest<br \/>\nuzale\u017cnione od wykonania umowy lub us\u0142ugi.<br \/>\nPa\u0144stwa wnioski b\u0119d\u0105 realizowane bez zb\u0119dnej zw\u0142oki, maksymalnie w terminie miesi\u0105ca od ich otrzymania, niemniej<br \/>\nmo\u017cliwe jest, \u017ce z uwagi na charakter wniosku nie b\u0119dziemy w stanie dotrzyma\u0107 tego terminu, w takiej sytuacji zostan\u0105<br \/>\nPa\u0144stwo powiadomieni o zaistnia\u0142ym op\u00f3\u017anieniu oraz jego przyczynach. Analogicznie, gdyby zasz\u0142y takie okoliczno\u015bci<br \/>\npoinformujemy Pa\u0144stwa o powodach odmowy przyj\u0119cia i realizacji wniosku.<br \/>\nInformujemy, \u017ce pierwszy wniosek jest realizowany bez op\u0142at, niemniej w sytuacji kiedy Pa\u0144stwa wnioski by\u0142yby<br \/>\nnieuzasadnione lub nadmierne zastrzegamy sobie prawo do pobierania op\u0142aty za ponowne udzielenie informacji.<br \/>\nO wysoko\u015bci op\u0142aty, lub jakichkolwiek innych przyczynach przez wzgl\u0105d na kt\u00f3re nie b\u0119dziemy w stanie zrealizowa\u0107<br \/>\nPa\u0144stwa wniosku zostaniecie bezzw\u0142ocznie poinformowani.<br \/>\nDodatkowo, w celu zagwarantowania bezpiecze\u0144stwa przekazywanych informacji, w sytuacji kiedy nie b\u0119dziemy w<br \/>\nstanie prawid\u0142owo Pa\u0144stwa zidentyfikowa\u0107 jako osoby upowa\u017cnione do odbioru danych zastrzegamy sobie prawo do<br \/>\nzmiany sposobu dostarczenia informacji, o czym zostaniecie Pa\u0144stwo poinformowani.<\/p>\n<p><strong>5<\/strong><br \/>\nW przypadku realizacji prawa do przenoszenia danych, Administrator Danych dokona bezpo\u015bredniego przes\u0142ania tych<br \/>\ndanych do innego Administratora Danych, o ile b\u0119dzie istnia\u0142a techniczna mo\u017cliwo\u015b\u0107. Osoba wnioskuj\u0105ca o realizacj\u0119<br \/>\ntego prawa zostanie poinformowana o decyzji co do mo\u017cliwo\u015bci przeniesienia.<\/p>\n<p><strong>DODATKOWE INFORMACJE<\/strong><br \/>\nNiniejsza Polityka obowi\u0105zuje od dnia 25 maja 2018r. do odwo\u0142ania i realizuje obowi\u0105zek prawny wynikaj\u0105cy z art. 13 \u2013<br \/>\n14 RODO. Zastrzegamy sobie prawo do zmian w niniejszej Polityce, zawsze w celu poprawy jako\u015bci \u015bwiadczonych<br \/>\nprzez nas us\u0142ug oraz w poszanowaniu Pa\u0144stwa praw i prywatno\u015bci.<br \/>\nInformacja o prawie wniesienia skargi do organu nadzorczego<br \/>\nOsobom upowa\u017cnionym przys\u0142uguje prawo do wniesienia skargi do organu nadzorczego:<br \/>\nBiuro Generalnego Inspektora Ochrony Danych Osobowych<br \/>\nul. Stawki 2<br \/>\n00-193 Warszawa<br \/>\ntel. 22 531 03 00<br \/>\nfax. 22 531 03 01<br \/>\nkancelaria@giodo.gov.pl<br \/>\nwww.giodo.gov.pl<br \/>\nGodziny pracy urz\u0119du: 8.00 \u2013 16.00<\/p>\n","protected":false},"excerpt":{"rendered":"<p>REGULAMIN OCHRONY DANYCH OSOBOWYCH Szanowni Pa\u0144stwo, Bezpiecze\u0144stwo i poufno\u015b\u0107 Pa\u0144stwa danych jest dla nas priorytetem. Zapewniamy, \u017ce zawsze dok\u0142adali\u015bmy i b\u0119dziemy dok\u0142ada\u0107 wszelkich stara\u0144 aby zapewni\u0107 Pa\u0144stwu ochron\u0119 Waszych danych, poprzez stosowanie odpowiednich zabezpiecze\u0144 technicznych i organizacyjnych, w tym stosowanie odpowiedniej ochrony podczas projektowania nowych us\u0142ug i rozwi\u0105za\u0144. Niniejszy Regulamin s\u0142u\u017cy poinformowaniu klient\u00f3w i stron [&hellip;]<\/p>\n","protected":false},"author":1,"featured_media":0,"parent":0,"menu_order":0,"comment_status":"closed","ping_status":"closed","template":"","meta":{"footnotes":""},"class_list":["post-592","page","type-page","status-publish","hentry"],"jetpack_sharing_enabled":true,"_links":{"self":[{"href":"http:\/\/dental.katowice.pl\/index.php?rest_route=\/wp\/v2\/pages\/592","targetHints":{"allow":["GET"]}}],"collection":[{"href":"http:\/\/dental.katowice.pl\/index.php?rest_route=\/wp\/v2\/pages"}],"about":[{"href":"http:\/\/dental.katowice.pl\/index.php?rest_route=\/wp\/v2\/types\/page"}],"author":[{"embeddable":true,"href":"http:\/\/dental.katowice.pl\/index.php?rest_route=\/wp\/v2\/users\/1"}],"replies":[{"embeddable":true,"href":"http:\/\/dental.katowice.pl\/index.php?rest_route=%2Fwp%2Fv2%2Fcomments&post=592"}],"version-history":[{"count":0,"href":"http:\/\/dental.katowice.pl\/index.php?rest_route=\/wp\/v2\/pages\/592\/revisions"}],"wp:attachment":[{"href":"http:\/\/dental.katowice.pl\/index.php?rest_route=%2Fwp%2Fv2%2Fmedia&parent=592"}],"curies":[{"name":"wp","href":"https:\/\/api.w.org\/{rel}","templated":true}]}}